{"id":7988,"date":"2025-03-04T01:59:45","date_gmt":"2025-03-04T01:59:45","guid":{"rendered":"https:\/\/grupobezier.com\/congresomtox2025\/?page_id=7988"},"modified":"2025-07-29T23:01:39","modified_gmt":"2025-07-29T23:01:39","slug":"convocatoria-trabajos-de-investigacion","status":"publish","type":"page","link":"https:\/\/grupobezier.com\/congresomtox2025\/convocatoria-trabajos-de-investigacion\/","title":{"rendered":"Convocatoria Trabajos de investigaci\u00f3n"},"content":{"rendered":"\t\t<div data-elementor-type=\"wp-page\" data-elementor-id=\"7988\" class=\"elementor elementor-7988\" data-elementor-settings=\"{&quot;ha_cmc_init_switcher&quot;:&quot;no&quot;}\">\n\t\t\t\t\t\t<section class=\"elementor-section elementor-top-section elementor-element elementor-element-8755a1e elementor-hidden-phone elementor-section-boxed elementor-section-height-default elementor-section-height-default\" data-id=\"8755a1e\" data-element_type=\"section\" data-settings=\"{&quot;_ha_eqh_enable&quot;:false}\">\n\t\t\t\t\t\t<div class=\"elementor-container elementor-column-gap-default\">\n\t\t\t\t\t<div class=\"elementor-column elementor-col-100 elementor-top-column elementor-element elementor-element-61bc2ec\" data-id=\"61bc2ec\" data-element_type=\"column\" data-settings=\"{&quot;background_background&quot;:&quot;classic&quot;}\">\n\t\t\t<div class=\"elementor-widget-wrap elementor-element-populated\">\n\t\t\t\t\t\t<div class=\"elementor-element elementor-element-8f6496d elementor-widget elementor-widget-spacer\" data-id=\"8f6496d\" data-element_type=\"widget\" data-widget_type=\"spacer.default\">\n\t\t\t\t<div class=\"elementor-widget-container\">\n\t\t\t\t\t\t\t<div class=\"elementor-spacer\">\n\t\t\t<div class=\"elementor-spacer-inner\"><\/div>\n\t\t<\/div>\n\t\t\t\t\t\t<\/div>\n\t\t\t\t<\/div>\n\t\t\t\t\t<\/div>\n\t\t<\/div>\n\t\t\t\t\t<\/div>\n\t\t<\/section>\n\t\t\t\t<section class=\"elementor-section elementor-top-section elementor-element elementor-element-78fc3b3 elementor-section-boxed elementor-section-height-default elementor-section-height-default\" data-id=\"78fc3b3\" data-element_type=\"section\" data-settings=\"{&quot;_ha_eqh_enable&quot;:false}\">\n\t\t\t\t\t\t<div class=\"elementor-container elementor-column-gap-default\">\n\t\t\t\t\t<div class=\"elementor-column elementor-col-100 elementor-top-column elementor-element elementor-element-601f566\" data-id=\"601f566\" data-element_type=\"column\" data-settings=\"{&quot;background_background&quot;:&quot;classic&quot;}\">\n\t\t\t<div class=\"elementor-widget-wrap elementor-element-populated\">\n\t\t\t\t\t\t<section class=\"elementor-section elementor-inner-section elementor-element elementor-element-47a4aeb elementor-section-boxed elementor-section-height-default elementor-section-height-default\" data-id=\"47a4aeb\" data-element_type=\"section\" data-settings=\"{&quot;background_background&quot;:&quot;classic&quot;,&quot;_ha_eqh_enable&quot;:false}\">\n\t\t\t\t\t\t<div class=\"elementor-container elementor-column-gap-default\">\n\t\t\t\t\t<div class=\"elementor-column elementor-col-100 elementor-inner-column elementor-element elementor-element-150e226\" data-id=\"150e226\" data-element_type=\"column\">\n\t\t\t<div class=\"elementor-widget-wrap elementor-element-populated\">\n\t\t\t\t\t\t<div class=\"elementor-element elementor-element-dfe812c elementor-widget elementor-widget-image\" data-id=\"dfe812c\" data-element_type=\"widget\" data-widget_type=\"image.default\">\n\t\t\t\t<div class=\"elementor-widget-container\">\n\t\t\t\t\t\t\t\t\t\t\t\t\t\t\t<img fetchpriority=\"high\" decoding=\"async\" width=\"768\" height=\"136\" src=\"https:\/\/grupobezier.com\/congresomtox2025\/wp-content\/uploads\/2025\/03\/XIII-CONGRESO-NACIONAL-DE-TOXICOLOGIA_-768x136.png\" class=\"attachment-medium_large size-medium_large wp-image-7766\" alt=\"\" srcset=\"https:\/\/grupobezier.com\/congresomtox2025\/wp-content\/uploads\/2025\/03\/XIII-CONGRESO-NACIONAL-DE-TOXICOLOGIA_-768x136.png 768w, https:\/\/grupobezier.com\/congresomtox2025\/wp-content\/uploads\/2025\/03\/XIII-CONGRESO-NACIONAL-DE-TOXICOLOGIA_-300x53.png 300w, https:\/\/grupobezier.com\/congresomtox2025\/wp-content\/uploads\/2025\/03\/XIII-CONGRESO-NACIONAL-DE-TOXICOLOGIA_-1024x182.png 1024w, https:\/\/grupobezier.com\/congresomtox2025\/wp-content\/uploads\/2025\/03\/XIII-CONGRESO-NACIONAL-DE-TOXICOLOGIA_-1536x272.png 1536w, https:\/\/grupobezier.com\/congresomtox2025\/wp-content\/uploads\/2025\/03\/XIII-CONGRESO-NACIONAL-DE-TOXICOLOGIA_-2048x363.png 2048w, https:\/\/grupobezier.com\/congresomtox2025\/wp-content\/uploads\/2025\/03\/XIII-CONGRESO-NACIONAL-DE-TOXICOLOGIA_-1080x192.png 1080w\" sizes=\"(max-width: 768px) 100vw, 768px\" \/>\t\t\t\t\t\t\t\t\t\t\t\t\t\t\t<\/div>\n\t\t\t\t<\/div>\n\t\t\t\t<div class=\"elementor-element elementor-element-f72cf2b elementor-widget elementor-widget-image\" data-id=\"f72cf2b\" data-element_type=\"widget\" data-widget_type=\"image.default\">\n\t\t\t\t<div class=\"elementor-widget-container\">\n\t\t\t\t\t\t\t\t\t\t\t\t\t\t\t<img decoding=\"async\" src=\"https:\/\/grupobezier.com\/congresomtox2025\/wp-content\/uploads\/2025\/03\/Capa-5.png\" title=\"Capa 5\" alt=\"Capa 5\" loading=\"lazy\" \/>\t\t\t\t\t\t\t\t\t\t\t\t\t\t\t<\/div>\n\t\t\t\t<\/div>\n\t\t\t\t<div class=\"elementor-element elementor-element-14a0d39 a-tabletcenter acenter elementor-widget elementor-widget-wgl-double-heading\" data-id=\"14a0d39\" data-element_type=\"widget\" data-widget_type=\"wgl-double-heading.default\">\n\t\t\t\t<div class=\"elementor-widget-container\">\n\t\t\t\t\t<div class=\"wgl-double-heading\"><h3 class=\"dblh__title-wrapper\"><span class=\"dblh__title dblh__title-1\">Convocatoria Trabajos de investigaci\u00f3n<\/span><\/h3><\/div>\t\t\t\t<\/div>\n\t\t\t\t<\/div>\n\t\t\t\t<div class=\"elementor-element elementor-element-290375c acenter elementor-widget elementor-widget-wgl-button\" data-id=\"290375c\" data-element_type=\"widget\" data-widget_type=\"wgl-button.default\">\n\t\t\t\t<div class=\"elementor-widget-container\">\n\t\t\t\t\t<a  class=\"wgl-button btn-size-xl\" role=\"button\" href=\"https:\/\/grupobezier.com\/congresomtox2025\/vqya\"><div class=\"button__content \"><span class=\"button__text\">Descargar convocatoria completa en PDF<\/span><\/div><\/a>\t\t\t\t<\/div>\n\t\t\t\t<\/div>\n\t\t\t\t<div class=\"elementor-element elementor-element-d0c805d elementor-widget elementor-widget-text-editor\" data-id=\"d0c805d\" data-element_type=\"widget\" data-widget_type=\"text-editor.default\">\n\t\t\t\t<div class=\"elementor-widget-container\">\n\t\t\t\t\t\t\t\t\t<p>La Sociedad Mexicana de Toxicolog\u00eda invita a participar en el env\u00edo de trabajos de investigaci\u00f3n para presentarse durante el XIII Congreso Nacional de Toxicolog\u00eda. <span style=\"color: #d88e02;\"><strong>LA CONVOCATORIA SE ENCUENTRA ABIERTA, LA FECHA LIMITE DE ENVIO SERA EL 31 DE JULIO DE 2025.<\/strong><\/span><\/p>\t\t\t\t\t\t\t\t<\/div>\n\t\t\t\t<\/div>\n\t\t\t\t<div class=\"elementor-element elementor-element-50d9aff a-tabletcenter acenter elementor-widget elementor-widget-wgl-double-heading\" data-id=\"50d9aff\" data-element_type=\"widget\" data-widget_type=\"wgl-double-heading.default\">\n\t\t\t\t<div class=\"elementor-widget-container\">\n\t\t\t\t\t<div class=\"wgl-double-heading\"><h4 class=\"dblh__title-wrapper\"><span class=\"dblh__title dblh__title-1\">Fecha l\u00edmite de env\u00edo de trabajos en<\/span><\/h4><\/div>\t\t\t\t<\/div>\n\t\t\t\t<\/div>\n\t\t\t\t<div class=\"elementor-element elementor-element-9984afd dots-circle a-justify elementor-widget elementor-widget-wgl-countdown\" data-id=\"9984afd\" data-element_type=\"widget\" data-widget_type=\"wgl-countdown.default\">\n\t\t\t\t<div class=\"elementor-widget-container\">\n\t\t\t\t\t<div id=countdown_69f5b17561fcc class=\"wgl-countdown\" data-atts=\"{&quot;format&quot;:&quot;dHMS&quot;,&quot;year&quot;:&quot;2025&quot;,&quot;month&quot;:&quot;8&quot;,&quot;day&quot;:&quot;22&quot;,&quot;hours&quot;:&quot;24&quot;,&quot;minutes&quot;:&quot;0&quot;,&quot;labels&quot;:[&quot;Years&quot;,&quot;Months&quot;,&quot;Weeks&quot;,&quot;Days&quot;,&quot;Hours&quot;,&quot;Minutes&quot;,&quot;Seconds&quot;],&quot;labels1&quot;:[&quot;Year&quot;,&quot;Month&quot;,&quot;Week&quot;,&quot;Day&quot;,&quot;Hour&quot;,&quot;Minute&quot;,&quot;Second&quot;]}\" role=\"timer\"><\/div>\t\t\t\t<\/div>\n\t\t\t\t<\/div>\n\t\t\t\t<div class=\"elementor-element elementor-element-2d9dc96 elementor-widget-mobile__width-inherit elementor-widget-image-box wgl-image-box elementor-widget elementor-widget-wgl-info-box\" data-id=\"2d9dc96\" data-element_type=\"widget\" data-widget_type=\"wgl-info-box.default\">\n\t\t\t\t<div class=\"elementor-widget-container\">\n\t\t\t\t\t<div class=\"wgl-infobox\"><a class=\"infobox__link\" href=\"https:\/\/grupobezier.com\/congresomtox2025\/wp-content\/uploads\/2025\/03\/PLANTILLA-CASOS-CLINICOS-O-SERIES-DE-CASOS.docx\"><\/a><div class=\"infobox__container wgl-layout-top\"><div class=\"media-wrapper img-wrapper\"><figure class=\"wgl-image-box_img\"><span ><img decoding=\"async\" src=\"https:\/\/grupobezier.com\/congresomtox2025\/wp-content\/uploads\/2025\/03\/descargar-1-512x512.png\" alt=\"descargar\" title=\"descargar\" loading=\"lazy\"><\/span><\/figure><\/div><div class=\"content__wrapper\"><div class=\"infobox__titles\"><div class=\"titles__subtitle\">Descargar<\/div><h3 class=\"titles__title\"><span class=\"title__text\">PLANTILLA CASOS CL\u00cdNICOS O SERIES DE CASOS<\/span><\/h3><\/div><\/div><\/div><\/div>\t\t\t\t<\/div>\n\t\t\t\t<\/div>\n\t\t\t\t<div class=\"elementor-element elementor-element-712417a elementor-widget-mobile__width-inherit elementor-widget-image-box wgl-image-box elementor-widget elementor-widget-wgl-info-box\" data-id=\"712417a\" data-element_type=\"widget\" data-widget_type=\"wgl-info-box.default\">\n\t\t\t\t<div class=\"elementor-widget-container\">\n\t\t\t\t\t<div class=\"wgl-infobox\"><a class=\"infobox__link\" href=\"https:\/\/grupobezier.com\/congresomtox2025\/wp-content\/uploads\/2025\/03\/PLANTILLA-TRABAJOS-DE-INVESTIGACION.docx\"><\/a><div class=\"infobox__container wgl-layout-top\"><div class=\"media-wrapper img-wrapper\"><figure class=\"wgl-image-box_img\"><span ><img decoding=\"async\" src=\"https:\/\/grupobezier.com\/congresomtox2025\/wp-content\/uploads\/2025\/03\/descargar-1-512x512.png\" alt=\"descargar\" title=\"descargar\" loading=\"lazy\"><\/span><\/figure><\/div><div class=\"content__wrapper\"><div class=\"infobox__titles\"><div class=\"titles__subtitle\">Descargar<\/div><h3 class=\"titles__title\"><span class=\"title__text\">PLANTILLA DE TRABAJOS DE INVESTIGACI\u00d3N<\/span><\/h3><\/div><\/div><\/div><\/div>\t\t\t\t<\/div>\n\t\t\t\t<\/div>\n\t\t\t\t\t<\/div>\n\t\t<\/div>\n\t\t\t\t\t<\/div>\n\t\t<\/section>\n\t\t\t\t\t<\/div>\n\t\t<\/div>\n\t\t\t\t\t<\/div>\n\t\t<\/section>\n\t\t<div class=\"elementor-element elementor-element-a85d0aa e-flex e-con-boxed e-con e-parent\" data-id=\"a85d0aa\" data-element_type=\"container\" data-settings=\"{&quot;_ha_eqh_enable&quot;:false}\">\n\t\t\t\t\t<div class=\"e-con-inner\">\n\t\t\t\t<div class=\"elementor-element elementor-element-b9e1747 elementor-widget elementor-widget-spacer\" data-id=\"b9e1747\" data-element_type=\"widget\" data-widget_type=\"spacer.default\">\n\t\t\t\t<div class=\"elementor-widget-container\">\n\t\t\t\t\t\t\t<div class=\"elementor-spacer\">\n\t\t\t<div class=\"elementor-spacer-inner\"><\/div>\n\t\t<\/div>\n\t\t\t\t\t\t<\/div>\n\t\t\t\t<\/div>\n\t\t\t\t\t<\/div>\n\t\t\t\t<\/div>\n\t\t\t\t<\/div>\n\t\t","protected":false},"excerpt":{"rendered":"<p>Convocatoria Trabajos de investigaci\u00f3n Descargar convocatoria completa en PDF La Sociedad Mexicana de Toxicolog\u00eda invita a participar en el env\u00edo de trabajos de investigaci\u00f3n para presentarse durante el XIII Congreso Nacional de Toxicolog\u00eda. LA CONVOCATORIA SE ENCUENTRA ABIERTA, LA FECHA LIMITE DE ENVIO SERA EL 31 DE JULIO DE 2025. Fecha l\u00edmite de env\u00edo de [&hellip;]<\/p>\n","protected":false},"author":1,"featured_media":0,"parent":0,"menu_order":0,"comment_status":"closed","ping_status":"closed","template":"","meta":{"footnotes":""},"class_list":["post-7988","page","type-page","status-publish","hentry"],"_links":{"self":[{"href":"https:\/\/grupobezier.com\/congresomtox2025\/wp-json\/wp\/v2\/pages\/7988","targetHints":{"allow":["GET"]}}],"collection":[{"href":"https:\/\/grupobezier.com\/congresomtox2025\/wp-json\/wp\/v2\/pages"}],"about":[{"href":"https:\/\/grupobezier.com\/congresomtox2025\/wp-json\/wp\/v2\/types\/page"}],"author":[{"embeddable":true,"href":"https:\/\/grupobezier.com\/congresomtox2025\/wp-json\/wp\/v2\/users\/1"}],"replies":[{"embeddable":true,"href":"https:\/\/grupobezier.com\/congresomtox2025\/wp-json\/wp\/v2\/comments?post=7988"}],"version-history":[{"count":18,"href":"https:\/\/grupobezier.com\/congresomtox2025\/wp-json\/wp\/v2\/pages\/7988\/revisions"}],"predecessor-version":[{"id":8410,"href":"https:\/\/grupobezier.com\/congresomtox2025\/wp-json\/wp\/v2\/pages\/7988\/revisions\/8410"}],"wp:attachment":[{"href":"https:\/\/grupobezier.com\/congresomtox2025\/wp-json\/wp\/v2\/media?parent=7988"}],"curies":[{"name":"wp","href":"https:\/\/api.w.org\/{rel}","templated":true}]}}